{"id":5963,"date":"2022-08-09T14:33:19","date_gmt":"2022-08-09T14:33:19","guid":{"rendered":"https:\/\/www.siag.pt\/?page_id=5963"},"modified":"2022-10-28T11:49:02","modified_gmt":"2022-10-28T10:49:02","slug":"quem-somos","status":"publish","type":"page","link":"https:\/\/www.siag.pt\/?page_id=5963","title":{"rendered":"Quem Somos"},"content":{"rendered":"\t\t<div data-elementor-type=\"wp-page\" data-elementor-id=\"5963\" class=\"elementor elementor-5963\">\n\t\t\t\t\t\t\t\t\t<section class=\"elementor-section elementor-top-section elementor-element elementor-element-2de0bd3 elementor-section-content-middle elementor-section-boxed elementor-section-height-default elementor-section-height-default\" data-id=\"2de0bd3\" data-element_type=\"section\" data-settings=\"{&quot;background_background&quot;:&quot;classic&quot;}\">\n\t\t\t\t\t\t\t<div class=\"elementor-background-overlay\"><\/div>\n\t\t\t\t\t\t\t<div class=\"elementor-container elementor-column-gap-no\">\n\t\t\t\t\t<div class=\"elementor-column elementor-col-100 elementor-top-column elementor-element elementor-element-5b2cb11\" data-id=\"5b2cb11\" data-element_type=\"column\">\n\t\t\t<div class=\"elementor-widget-wrap elementor-element-populated\">\n\t\t\t\t\t\t\t\t<div class=\"elementor-element elementor-element-d8efdb6 elementor-widget elementor-widget-heading\" data-id=\"d8efdb6\" data-element_type=\"widget\" data-widget_type=\"heading.default\">\n\t\t\t\t<div class=\"elementor-widget-container\">\n\t\t\t<style>\/*! elementor - v3.6.6 - 08-06-2022 *\/\n.elementor-heading-title{padding:0;margin:0;line-height:1}.elementor-widget-heading .elementor-heading-title[class*=elementor-size-]>a{color:inherit;font-size:inherit;line-height:inherit}.elementor-widget-heading .elementor-heading-title.elementor-size-small{font-size:15px}.elementor-widget-heading .elementor-heading-title.elementor-size-medium{font-size:19px}.elementor-widget-heading .elementor-heading-title.elementor-size-large{font-size:29px}.elementor-widget-heading .elementor-heading-title.elementor-size-xl{font-size:39px}.elementor-widget-heading .elementor-heading-title.elementor-size-xxl{font-size:59px}<\/style><h1 class=\"elementor-heading-title elementor-size-default\">Quem Somos<\/h1>\t\t<\/div>\n\t\t\t\t<\/div>\n\t\t\t\t\t<\/div>\n\t\t<\/div>\n\t\t\t\t\t\t\t<\/div>\n\t\t<\/section>\n\t\t\t\t<section class=\"elementor-section elementor-top-section elementor-element elementor-element-ef1aecd elementor-section-content-middle elementor-section-boxed elementor-section-height-default elementor-section-height-default\" data-id=\"ef1aecd\" data-element_type=\"section\" data-settings=\"{&quot;background_background&quot;:&quot;classic&quot;}\">\n\t\t\t\t\t\t<div class=\"elementor-container elementor-column-gap-no\">\n\t\t\t\t\t<div class=\"elementor-column elementor-col-50 elementor-top-column elementor-element elementor-element-45efc05\" data-id=\"45efc05\" data-element_type=\"column\">\n\t\t\t<div class=\"elementor-widget-wrap elementor-element-populated\">\n\t\t\t\t\t\t\t\t<div class=\"elementor-element elementor-element-6b6bcae elementor-widget elementor-widget-heading\" data-id=\"6b6bcae\" data-element_type=\"widget\" data-widget_type=\"heading.default\">\n\t\t\t\t<div class=\"elementor-widget-container\">\n\t\t\t<h6 class=\"elementor-heading-title elementor-size-default\">Inovar e mudar<\/h6>\t\t<\/div>\n\t\t\t\t<\/div>\n\t\t\t\t<div class=\"elementor-element elementor-element-33de0b4 elementor-widget elementor-widget-heading\" data-id=\"33de0b4\" data-element_type=\"widget\" data-widget_type=\"heading.default\">\n\t\t\t\t<div class=\"elementor-widget-container\">\n\t\t\t<h3 class=\"elementor-heading-title elementor-size-default\">Quem somos<\/h3>\t\t<\/div>\n\t\t\t\t<\/div>\n\t\t\t\t<div class=\"elementor-element elementor-element-4fd3ae2 elementor-widget elementor-widget-heading\" data-id=\"4fd3ae2\" data-element_type=\"widget\" data-widget_type=\"heading.default\">\n\t\t\t\t<div class=\"elementor-widget-container\">\n\t\t\t<h5 class=\"elementor-heading-title elementor-size-default\">Trabalhamos com paix\u00e3o e com ela contagiamos os  nossos clientes<\/h5>\t\t<\/div>\n\t\t\t\t<\/div>\n\t\t\t\t<div class=\"elementor-element elementor-element-bbd021c elementor-widget elementor-widget-text-editor\" data-id=\"bbd021c\" data-element_type=\"widget\" data-widget_type=\"text-editor.default\">\n\t\t\t\t<div class=\"elementor-widget-container\">\n\t\t\t<style>\/*! elementor - v3.6.6 - 08-06-2022 *\/\n.elementor-widget-text-editor.elementor-drop-cap-view-stacked .elementor-drop-cap{background-color:#818a91;color:#fff}.elementor-widget-text-editor.elementor-drop-cap-view-framed .elementor-drop-cap{color:#818a91;border:3px solid;background-color:transparent}.elementor-widget-text-editor:not(.elementor-drop-cap-view-default) .elementor-drop-cap{margin-top:8px}.elementor-widget-text-editor:not(.elementor-drop-cap-view-default) .elementor-drop-cap-letter{width:1em;height:1em}.elementor-widget-text-editor .elementor-drop-cap{float:left;text-align:center;line-height:1;font-size:50px}.elementor-widget-text-editor .elementor-drop-cap-letter{display:inline-block}<\/style>\t\t\t\t<p>Somos a SIAG, Sistemas Integrados de Apoio \u00e0 Gest\u00e3o, nascemos em 1984 e somos especializados em solu\u00e7\u00f5es inform\u00e1ticas para o setor p\u00fablico.<\/p><p>A nossa \u00fanica inquieta\u00e7\u00e3o \u00e9 o resultado final, ou seja, superar sempre as expectativas.<\/p><p>A nossa equipa de colaboradores, muito jovem, aceita cada novo desafio com paix\u00e3o e com esta contagia os nossos clientes. Fazemos dos compromissos um ponto de honra e preocupamo-nos em fazer sempre melhor e a tempo. Os resultados finais s\u00e3o surpreendentes!<\/p>\t\t\t\t\t\t<\/div>\n\t\t\t\t<\/div>\n\t\t\t\t\t<\/div>\n\t\t<\/div>\n\t\t\t\t<div class=\"elementor-column elementor-col-50 elementor-top-column elementor-element elementor-element-598f480\" data-id=\"598f480\" data-element_type=\"column\" data-settings=\"{&quot;background_background&quot;:&quot;classic&quot;}\">\n\t\t\t<div class=\"elementor-widget-wrap elementor-element-populated\">\n\t\t\t\t\t<div class=\"elementor-background-overlay\"><\/div>\n\t\t\t\t\t\t\t\t<div class=\"elementor-element elementor-element-fef65b7 elementor-widget elementor-widget-image\" data-id=\"fef65b7\" data-element_type=\"widget\" data-widget_type=\"image.default\">\n\t\t\t\t<div class=\"elementor-widget-container\">\n\t\t\t<style>\/*! elementor - v3.6.6 - 08-06-2022 *\/\n.elementor-widget-image{text-align:center}.elementor-widget-image a{display:inline-block}.elementor-widget-image a img[src$=\".svg\"]{width:48px}.elementor-widget-image img{vertical-align:middle;display:inline-block}<\/style>\t\t\t\t\t\t\t\t\t\t\t\t<img loading=\"lazy\" decoding=\"async\" width=\"873\" height=\"1080\" src=\"https:\/\/www.siag.pt\/wp-content\/uploads\/2022\/08\/Sobre-img.jpg\" class=\"attachment-full size-full\" alt=\"\" srcset=\"https:\/\/www.siag.pt\/wp-content\/uploads\/2022\/08\/Sobre-img.jpg 873w, https:\/\/www.siag.pt\/wp-content\/uploads\/2022\/08\/Sobre-img-243x300.jpg 243w, https:\/\/www.siag.pt\/wp-content\/uploads\/2022\/08\/Sobre-img-828x1024.jpg 828w, https:\/\/www.siag.pt\/wp-content\/uploads\/2022\/08\/Sobre-img-768x950.jpg 768w\" sizes=\"auto, (max-width: 873px) 100vw, 873px\" \/>\t\t\t\t\t\t\t\t\t\t\t\t\t\t\t<\/div>\n\t\t\t\t<\/div>\n\t\t\t\t\t<\/div>\n\t\t<\/div>\n\t\t\t\t\t\t\t<\/div>\n\t\t<\/section>\n\t\t\t\t<section class=\"elementor-section elementor-top-section elementor-element elementor-element-e3c51e4 elementor-section-boxed elementor-section-height-default elementor-section-height-default\" data-id=\"e3c51e4\" data-element_type=\"section\">\n\t\t\t\t\t\t\t<div class=\"elementor-background-overlay\"><\/div>\n\t\t\t\t\t\t\t<div class=\"elementor-container elementor-column-gap-no\">\n\t\t\t\t\t<div class=\"elementor-column elementor-col-50 elementor-top-column elementor-element elementor-element-ea898bd\" data-id=\"ea898bd\" data-element_type=\"column\">\n\t\t\t<div class=\"elementor-widget-wrap elementor-element-populated\">\n\t\t\t\t\t\t\t\t<div class=\"elementor-element elementor-element-27a2994 elementor-widget elementor-widget-heading\" data-id=\"27a2994\" data-element_type=\"widget\" data-widget_type=\"heading.default\">\n\t\t\t\t<div class=\"elementor-widget-container\">\n\t\t\t<h6 class=\"elementor-heading-title elementor-size-default\">Em Equipa<\/h6>\t\t<\/div>\n\t\t\t\t<\/div>\n\t\t\t\t<div class=\"elementor-element elementor-element-ac981d9 elementor-widget elementor-widget-heading\" data-id=\"ac981d9\" data-element_type=\"widget\" data-widget_type=\"heading.default\">\n\t\t\t\t<div class=\"elementor-widget-container\">\n\t\t\t<h3 class=\"elementor-heading-title elementor-size-default\">Em equipa com os nossos clientes, ultrapass\u00e1mos todos os obst\u00e1culos, super\u00e1mos todas as expetativas, cumprimos com as obriga\u00e7\u00f5es legais<\/h3>\t\t<\/div>\n\t\t\t\t<\/div>\n\t\t\t\t\t<\/div>\n\t\t<\/div>\n\t\t\t\t<div class=\"elementor-column elementor-col-50 elementor-top-column elementor-element elementor-element-278e2ac\" data-id=\"278e2ac\" data-element_type=\"column\">\n\t\t\t<div class=\"elementor-widget-wrap elementor-element-populated\">\n\t\t\t\t\t\t\t\t<div class=\"elementor-element elementor-element-cf63dd6 elementor-widget elementor-widget-text-editor\" data-id=\"cf63dd6\" data-element_type=\"widget\" data-widget_type=\"text-editor.default\">\n\t\t\t\t<div class=\"elementor-widget-container\">\n\t\t\t\t\t\t\t<p>No fim, celebr\u00e1mos em equipa os resultados e volt\u00e1mos a definir novos objetivos e novas metas. Fomos os primeiros a responder com as nossas solu\u00e7\u00f5es, \u00e0 contabilidade patrimonial com a introdu\u00e7\u00e3o do POCP e dos planos setoriais. Fomos agora tamb\u00e9m pioneiros na resposta ao SNC-AP.<br \/>Facilitar o conhecimento e o desempenho das pessoas e das organiza\u00e7\u00f5es \u00e9 a nossa miss\u00e3o. Isto \u00e9 um compromisso com os<br \/>resultados e com o sucesso. Facilitar o desempenho passa por orientar as solu\u00e7\u00f5es a cada setor espec\u00edfico e utilizar mecanismos avan\u00e7ados de parametriza\u00e7\u00e3o para ajustar as solu\u00e7\u00f5es em cada setor \u00e0s necessidades espec\u00edficas de cada utilizador.<\/p>\t\t\t\t\t\t<\/div>\n\t\t\t\t<\/div>\n\t\t\t\t\t<\/div>\n\t\t<\/div>\n\t\t\t\t\t\t\t<\/div>\n\t\t<\/section>\n\t\t\t\t<section class=\"elementor-section elementor-top-section elementor-element elementor-element-3eb24ae elementor-section-boxed elementor-section-height-default elementor-section-height-default\" data-id=\"3eb24ae\" data-element_type=\"section\" data-settings=\"{&quot;background_background&quot;:&quot;classic&quot;}\">\n\t\t\t\t\t\t\t<div class=\"elementor-background-overlay\"><\/div>\n\t\t\t\t\t\t\t<div class=\"elementor-container elementor-column-gap-no\">\n\t\t\t\t\t<div class=\"elementor-column elementor-col-100 elementor-top-column elementor-element elementor-element-fd7f64b\" data-id=\"fd7f64b\" data-element_type=\"column\" data-settings=\"{&quot;background_background&quot;:&quot;classic&quot;}\">\n\t\t\t<div class=\"elementor-widget-wrap elementor-element-populated\">\n\t\t\t\t\t\t\t\t<section class=\"elementor-section elementor-inner-section elementor-element elementor-element-4d49be1 elementor-section-boxed elementor-section-height-default elementor-section-height-default\" data-id=\"4d49be1\" data-element_type=\"section\" data-settings=\"{&quot;background_background&quot;:&quot;classic&quot;}\">\n\t\t\t\t\t\t<div class=\"elementor-container elementor-column-gap-no\">\n\t\t\t\t\t<div class=\"elementor-column elementor-col-100 elementor-inner-column elementor-element elementor-element-b8644c1\" data-id=\"b8644c1\" data-element_type=\"column\" data-settings=\"{&quot;background_background&quot;:&quot;classic&quot;}\">\n\t\t\t<div class=\"elementor-widget-wrap elementor-element-populated\">\n\t\t\t\t\t\t\t\t<div class=\"elementor-element elementor-element-ae753c1 elementor-widget elementor-widget-heading\" data-id=\"ae753c1\" data-element_type=\"widget\" data-widget_type=\"heading.default\">\n\t\t\t\t<div class=\"elementor-widget-container\">\n\t\t\t<h2 class=\"elementor-heading-title elementor-size-default\">Miss\u00e3o<\/h2>\t\t<\/div>\n\t\t\t\t<\/div>\n\t\t\t\t<div class=\"elementor-element elementor-element-4f0c18f elementor-widget elementor-widget-heading\" data-id=\"4f0c18f\" data-element_type=\"widget\" data-widget_type=\"heading.default\">\n\t\t\t\t<div class=\"elementor-widget-container\">\n\t\t\t<h5 class=\"elementor-heading-title elementor-size-default\">A nossa orienta\u00e7\u00e3o e foco \u00e9 a cria\u00e7\u00e3o de valor e por isso alinhamos e personalizamos as nossas solu\u00e7\u00f5es a cada sector ou \u00e1rea de atividade, e assim, cada organiza\u00e7\u00e3o pode retirar das nossas solu\u00e7\u00f5es o m\u00e1ximo de rentabilidade.<\/h5>\t\t<\/div>\n\t\t\t\t<\/div>\n\t\t\t\t<div class=\"elementor-element elementor-element-b74a66e elementor-widget elementor-widget-text-editor\" data-id=\"b74a66e\" data-element_type=\"widget\" data-widget_type=\"text-editor.default\">\n\t\t\t\t<div class=\"elementor-widget-container\">\n\t\t\t\t\t\t\t<p>Facilitar o conhecimento e o desempenho das pessoas e das organiza\u00e7\u00f5es,\u00a0\u00e9 a nossa miss\u00e3o e por isso um compromisso com os resultados e com o sucesso.<\/p>\t\t\t\t\t\t<\/div>\n\t\t\t\t<\/div>\n\t\t\t\t\t<\/div>\n\t\t<\/div>\n\t\t\t\t\t\t\t<\/div>\n\t\t<\/section>\n\t\t\t\t\t<\/div>\n\t\t<\/div>\n\t\t\t\t\t\t\t<\/div>\n\t\t<\/section>\n\t\t\t\t<section class=\"elementor-section elementor-top-section elementor-element elementor-element-b530094 elementor-section-content-middle elementor-section-boxed elementor-section-height-default elementor-section-height-default\" data-id=\"b530094\" data-element_type=\"section\" data-settings=\"{&quot;background_background&quot;:&quot;classic&quot;}\">\n\t\t\t\t\t\t\t<div class=\"elementor-background-overlay\"><\/div>\n\t\t\t\t\t\t\t<div class=\"elementor-container elementor-column-gap-no\">\n\t\t\t\t\t<div class=\"elementor-column elementor-col-100 elementor-top-column elementor-element elementor-element-d4f70ac\" data-id=\"d4f70ac\" data-element_type=\"column\">\n\t\t\t<div class=\"elementor-widget-wrap elementor-element-populated\">\n\t\t\t\t\t\t\t\t<div class=\"elementor-element elementor-element-7fb0334 elementor-widget elementor-widget-heading\" data-id=\"7fb0334\" data-element_type=\"widget\" data-widget_type=\"heading.default\">\n\t\t\t\t<div class=\"elementor-widget-container\">\n\t\t\t<h2 class=\"elementor-heading-title elementor-size-default\">Perguntas?<\/h2>\t\t<\/div>\n\t\t\t\t<\/div>\n\t\t\t\t<div class=\"elementor-element elementor-element-44253b6 elementor-widget elementor-widget-text-editor\" data-id=\"44253b6\" data-element_type=\"widget\" data-widget_type=\"text-editor.default\">\n\t\t\t\t<div class=\"elementor-widget-container\">\n\t\t\t\t\t\t\t<p>Se pretende saber mais sobre o nosso sistema, estamos ao total dispor para prestar todos os esclarecimentos ou para proporcionar uma demonstra\u00e7\u00e3o sobre o seu funcionamento<\/p>\t\t\t\t\t\t<\/div>\n\t\t\t\t<\/div>\n\t\t\t\t<div class=\"elementor-element elementor-element-8cb2fcf elementor-align-center elementor-mobile-align-center elementor-widget elementor-widget-button\" data-id=\"8cb2fcf\" data-element_type=\"widget\" data-widget_type=\"button.default\">\n\t\t\t\t<div class=\"elementor-widget-container\">\n\t\t\t\t\t<div class=\"elementor-button-wrapper\">\n\t\t\t<a href=\"https:\/\/www.siag.pt\/?page_id=16\" class=\"elementor-button-link elementor-button elementor-size-md\" role=\"button\">\n\t\t\t\t\t\t<span class=\"elementor-button-content-wrapper\">\n\t\t\t\t\t\t<span class=\"elementor-button-text\">Vamos Conversar<\/span>\n\t\t<\/span>\n\t\t\t\t\t<\/a>\n\t\t<\/div>\n\t\t\t\t<\/div>\n\t\t\t\t<\/div>\n\t\t\t\t\t<\/div>\n\t\t<\/div>\n\t\t\t\t\t\t\t<\/div>\n\t\t<\/section>\n\t\t\t\t\t\t\t<\/div>\n\t\t","protected":false},"excerpt":{"rendered":"<p>Quem Somos Inovar e mudar Quem somos Trabalhamos com paix\u00e3o e com ela contagiamos os nossos clientes Somos a SIAG, Sistemas Integrados de Apoio \u00e0 Gest\u00e3o, nascemos em 1984 e somos especializados em solu\u00e7\u00f5es inform\u00e1ticas para o setor p\u00fablico. A nossa \u00fanica inquieta\u00e7\u00e3o \u00e9 o resultado final, ou seja, superar sempre as expectativas. A nossa &hellip;<\/p>\n<p class=\"read-more\"> <a class=\"\" href=\"https:\/\/www.siag.pt\/?page_id=5963\"> <span class=\"screen-reader-text\">Quem Somos<\/span> Read More &raquo;<\/a><\/p>\n","protected":false},"author":2,"featured_media":0,"parent":0,"menu_order":0,"comment_status":"closed","ping_status":"closed","template":"","meta":{"site-sidebar-layout":"no-sidebar","site-content-layout":"page-builder","ast-global-header-display":"","ast-main-header-display":"","ast-hfb-above-header-display":"","ast-hfb-below-header-display":"","ast-hfb-mobile-header-display":"","site-post-title":"disabled","ast-breadcrumbs-content":"","ast-featured-img":"disabled","footer-sml-layout":"","theme-transparent-header-meta":"","adv-header-id-meta":"","stick-header-meta":"","header-above-stick-meta":"","header-main-stick-meta":"","header-below-stick-meta":"","footnotes":""},"class_list":["post-5963","page","type-page","status-publish","hentry"],"_links":{"self":[{"href":"https:\/\/www.siag.pt\/index.php?rest_route=\/wp\/v2\/pages\/5963","targetHints":{"allow":["GET"]}}],"collection":[{"href":"https:\/\/www.siag.pt\/index.php?rest_route=\/wp\/v2\/pages"}],"about":[{"href":"https:\/\/www.siag.pt\/index.php?rest_route=\/wp\/v2\/types\/page"}],"author":[{"embeddable":true,"href":"https:\/\/www.siag.pt\/index.php?rest_route=\/wp\/v2\/users\/2"}],"replies":[{"embeddable":true,"href":"https:\/\/www.siag.pt\/index.php?rest_route=%2Fwp%2Fv2%2Fcomments&post=5963"}],"version-history":[{"count":19,"href":"https:\/\/www.siag.pt\/index.php?rest_route=\/wp\/v2\/pages\/5963\/revisions"}],"predecessor-version":[{"id":6392,"href":"https:\/\/www.siag.pt\/index.php?rest_route=\/wp\/v2\/pages\/5963\/revisions\/6392"}],"wp:attachment":[{"href":"https:\/\/www.siag.pt\/index.php?rest_route=%2Fwp%2Fv2%2Fmedia&parent=5963"}],"curies":[{"name":"wp","href":"https:\/\/api.w.org\/{rel}","templated":true}]}}